{"id":961,"date":"2023-06-15T18:40:45","date_gmt":"2023-06-15T10:40:45","guid":{"rendered":"https:\/\/www.generations.edu.mo\/kindergarten\/"},"modified":"2026-02-03T11:38:18","modified_gmt":"2026-02-03T03:38:18","slug":"kindergarten","status":"publish","type":"page","link":"https:\/\/www.generations.edu.mo\/pt-pt\/kindergarten\/","title":{"rendered":"Ensino Infantil"},"content":{"rendered":"\n<div class=\"wp-block-columns is-layout-flex wp-container-core-columns-is-layout-1 wp-block-columns-is-layout-flex\">\n<div class=\"wp-block-column is-layout-flow wp-block-column-is-layout-flow\">\n<p>O Ensino Infantil na GERA\u00c7\u00d5ES oferece uma experi\u00eancia de aprendizagem baseada no modelo SISU internacionalmente aclamado da Finl\u00e2ndia, combinada com a abordagem transdisciplinar orientada pelo processo de candidatura do Primary Years Programme (PYP) do IB. Aqui, as crian\u00e7as s\u00e3o incentivadas a explorar, questionar e descobrir o mundo ao seu redor num ambiente que celebra a curiosidade, a criatividade e a individualidade. O foco tril\u00edngue do programa \u2013 abrangendo Ingl\u00eas, Chin\u00eas e Portugu\u00eas \u2013 com professores nativos de todas as 3 l\u00ednguas, desenvolve nos alunos capacidades de comunica\u00e7\u00e3o essenciais, promovendo a compreens\u00e3o cultural desde tenra idade. Como parte do processo de autoriza\u00e7\u00e3o do PYP, o Ensino Infantil na GERA\u00c7\u00d5ES enriquece continuamente seu curr\u00edculo com pedagogias globalmente respeitadas, nutrindo alunos confiantes, adapt\u00e1veis e emp\u00e1ticos preparados para qualquer percurso acad\u00e9mico que venham a escolher.<\/p>\n<\/div>\n<\/div>\n\n\n\n<div class=\"wp-block-columns is-layout-flex wp-container-core-columns-is-layout-2 wp-block-columns-is-layout-flex\">\n<div class=\"wp-block-column is-layout-flow wp-block-column-is-layout-flow\">\n<div class=\"wp-block-group is-vertical is-content-justification-center is-layout-flex wp-container-core-group-is-layout-5 wp-block-group-is-layout-flex\">\n<div class=\"wp-block-group is-vertical is-content-justification-center is-layout-flex wp-container-core-group-is-layout-2 wp-block-group-is-layout-flex\">\n<figure class=\"wp-block-image size-full is-resized\"><img loading=\"lazy\" decoding=\"async\" width=\"1000\" height=\"1000\" src=\"https:\/\/generations-edu-mo.ap-south-1.linodeobjects.com\/wp-content\/uploads\/2025\/08\/9ecc5007_1754560209.jpg\" alt=\"\" class=\"wp-image-3697\" style=\"width:363px;height:auto\" srcset=\"https:\/\/generations-edu-mo.ap-south-1.linodeobjects.com\/wp-content\/uploads\/2025\/08\/9ecc5007_1754560209.jpg 1000w, https:\/\/generations-edu-mo.ap-south-1.linodeobjects.com\/wp-content\/uploads\/2025\/08\/9ecc5007_1754560209-768x768.jpg 768w\" sizes=\"(max-width: 1000px) 100vw, 1000px\" \/><\/figure>\n\n\n\n<div class=\"wp-block-group is-layout-constrained wp-block-group-is-layout-constrained\">\n<h3 class=\"wp-block-heading has-text-align-center\">SISU Early Years<\/h3>\n\n\n\n<h4 class=\"wp-block-heading has-text-align-center\"><strong>K1-K2<\/strong><\/h4>\n<\/div>\n<\/div>\n\n\n\n<div class=\"wp-block-group is-vertical is-content-justification-center is-layout-flex wp-container-core-group-is-layout-4 wp-block-group-is-layout-flex\">\n<figure class=\"wp-block-image size-full is-resized\"><img loading=\"lazy\" decoding=\"async\" width=\"1000\" height=\"1000\" src=\"https:\/\/generations-edu-mo.ap-south-1.linodeobjects.com\/wp-content\/uploads\/2025\/08\/19086367_1754560171.jpg\" alt=\"\" class=\"wp-image-3688\" style=\"width:368px;height:auto\" srcset=\"https:\/\/generations-edu-mo.ap-south-1.linodeobjects.com\/wp-content\/uploads\/2025\/08\/19086367_1754560171.jpg 1000w, https:\/\/generations-edu-mo.ap-south-1.linodeobjects.com\/wp-content\/uploads\/2025\/08\/19086367_1754560171-768x768.jpg 768w\" sizes=\"(max-width: 1000px) 100vw, 1000px\" \/><\/figure>\n\n\n\n<div class=\"wp-block-group is-layout-constrained wp-block-group-is-layout-constrained\">\n<h3 class=\"wp-block-heading has-text-align-center\">SISU Preschool<\/h3>\n\n\n\n<h4 class=\"wp-block-heading has-text-align-center\"><strong>K3<\/strong><\/h4>\n<\/div>\n<\/div>\n<\/div>\n<\/div>\n\n\n\n<div class=\"wp-block-column is-layout-flow wp-block-column-is-layout-flow\">\n<div class=\"wp-block-group is-vertical is-layout-flex wp-container-core-group-is-layout-6 wp-block-group-is-layout-flex\">\n<p><strong>Ensino Infantil na GERA\u00c7\u00d5ES<\/strong> baseia-se em:<\/p>\n\n\n\n<ol style=\"list-style-type:upper-alpha\" class=\"wp-block-list\">\n<li>O Programa SISU Kids \u00e9 internacional e pretende preparar os mais pequenos para seguirem qualquer caminho educativo que desejem no seu futuro. Baseia-se:\n<ul class=\"wp-block-list\">\n<li>Finnish National Core Curriculum for Early Childhood Education and Care<\/li>\n\n\n\n<li>Finnish National Core Curriculum for Pre-primary Education<\/li>\n\n\n\n<li>International Content by Lumo Education Ltd (AERO-standards for English Language Arts, Mathematics and Science \u2013 Common Core State Standards for English Language Arts and Mathematics and Next Generation Science Standards).<\/li>\n<\/ul>\n<\/li>\n\n\n\n<li>Momin School of Language, complementing the SISU Kids Programme in delivering the Generations English Programme.<\/li>\n\n\n\n<li>Proprietary Chinese and Portuguese Programme developed by the School&#8217;s academic team.<\/li>\n<\/ol>\n\n\n\n<figure class=\"wp-block-image alignright size-full is-resized\"><img loading=\"lazy\" decoding=\"async\" width=\"1028\" height=\"539\" src=\"https:\/\/generations-edu-mo.ap-south-1.linodeobjects.com\/wp-content\/uploads\/2023\/07\/404fc90d_1690781612.png\" alt=\"\" class=\"wp-image-399\" style=\"width:625px;height:auto\" srcset=\"https:\/\/generations-edu-mo.ap-south-1.linodeobjects.com\/wp-content\/uploads\/2023\/07\/404fc90d_1690781612.png 1028w, https:\/\/generations-edu-mo.ap-south-1.linodeobjects.com\/wp-content\/uploads\/2023\/07\/404fc90d_1690781612-768x403.png 768w\" sizes=\"(max-width: 1028px) 100vw, 1028px\" \/><\/figure>\n<\/div>\n<\/div>\n<\/div>\n\n\n\n<div style=\"height:65px\" aria-hidden=\"true\" class=\"wp-block-spacer\"><\/div>\n\n\n\n<div class=\"wp-block-buttons is-content-justification-right is-layout-flex wp-container-core-buttons-is-layout-1 wp-block-buttons-is-layout-flex\">\n<div class=\"wp-block-button has-custom-width wp-block-button__width-25 has-custom-font-size is-style-fill has-large-font-size\" style=\"font-style:normal;font-weight:600\"><a class=\"wp-block-button__link has-turquoise-03-background-color has-background wp-element-button\" style=\"border-radius:7px\">SISU Information<\/a><\/div>\n\n\n\n<div class=\"wp-block-button has-custom-font-size has-large-font-size\" style=\"font-style:normal;font-weight:600\"><a class=\"wp-block-button__link has-turquoise-03-background-color has-background wp-element-button\" style=\"border-radius:7px\">MOOMIN Language School Information<\/a><\/div>\n<\/div>\n\n\n\n<div style=\"height:101px\" aria-hidden=\"true\" class=\"wp-block-spacer\"><\/div>\n\n\n\n<div class=\"wp-block-columns is-layout-flex wp-container-core-columns-is-layout-3 wp-block-columns-is-layout-flex\">\n<div class=\"wp-block-column is-layout-flow wp-block-column-is-layout-flow\">\n<figure class=\"wp-block-image alignright size-full is-resized\"><a href=\"https:\/\/www.sisuschools.com\/sisu-kids\"><img loading=\"lazy\" decoding=\"async\" width=\"2560\" height=\"1463\" src=\"https:\/\/generations-edu-mo.ap-south-1.linodeobjects.com\/wp-content\/uploads\/2025\/05\/c702cc56_1747646531-scaled.jpg\" alt=\"\" class=\"wp-image-3397\" style=\"width:231px;height:auto\" srcset=\"https:\/\/generations-edu-mo.ap-south-1.linodeobjects.com\/wp-content\/uploads\/2025\/05\/c702cc56_1747646531-scaled.jpg 2560w, https:\/\/generations-edu-mo.ap-south-1.linodeobjects.com\/wp-content\/uploads\/2025\/05\/c702cc56_1747646531-768x439.jpg 768w\" sizes=\"(max-width: 2560px) 100vw, 2560px\" \/><\/a><\/figure>\n<\/div>\n\n\n\n<div class=\"wp-block-column is-layout-flow wp-block-column-is-layout-flow\">\n<figure class=\"wp-block-image size-full is-resized\"><a href=\"https:\/\/www.moominls.com\/\"><img loading=\"lazy\" decoding=\"async\" width=\"3826\" height=\"1850\" src=\"https:\/\/generations-edu-mo.ap-south-1.linodeobjects.com\/wp-content\/uploads\/2025\/05\/7ab83782_1747646059.png\" alt=\"\" class=\"wp-image-3389\" style=\"width:376px;height:auto\" srcset=\"https:\/\/generations-edu-mo.ap-south-1.linodeobjects.com\/wp-content\/uploads\/2025\/05\/7ab83782_1747646059.png 3826w, https:\/\/generations-edu-mo.ap-south-1.linodeobjects.com\/wp-content\/uploads\/2025\/05\/7ab83782_1747646059-768x371.png 768w\" sizes=\"(max-width: 3826px) 100vw, 3826px\" \/><\/a><\/figure>\n<\/div>\n<\/div>\n","protected":false},"excerpt":{"rendered":"<p>O Ensino Infantil na GERA\u00c7\u00d5ES oferece uma experi\u00eancia de aprendizagem baseada no modelo SISU internacionalmente aclamado da Finl\u00e2ndia, combinada com a abordagem transdisciplinar orientada pelo processo de candidatura do Primary Years Programme (PYP) do IB. Aqui, as crian\u00e7as s\u00e3o incentivadas a explorar, questionar e descobrir o mundo ao seu redor num ambiente que celebra a [&hellip;]<\/p>\n","protected":false},"author":1,"featured_media":0,"parent":0,"menu_order":0,"comment_status":"closed","ping_status":"closed","template":"","meta":{"_acf_changed":false,"footnotes":""},"class_list":["post-961","page","type-page","status-publish","hentry"],"acf":{"banner":""},"_links":{"self":[{"href":"https:\/\/www.generations.edu.mo\/pt-pt\/wp-json\/wp\/v2\/pages\/961"}],"collection":[{"href":"https:\/\/www.generations.edu.mo\/pt-pt\/wp-json\/wp\/v2\/pages"}],"about":[{"href":"https:\/\/www.generations.edu.mo\/pt-pt\/wp-json\/wp\/v2\/types\/page"}],"author":[{"embeddable":true,"href":"https:\/\/www.generations.edu.mo\/pt-pt\/wp-json\/wp\/v2\/users\/1"}],"replies":[{"embeddable":true,"href":"https:\/\/www.generations.edu.mo\/pt-pt\/wp-json\/wp\/v2\/comments?post=961"}],"version-history":[{"count":6,"href":"https:\/\/www.generations.edu.mo\/pt-pt\/wp-json\/wp\/v2\/pages\/961\/revisions"}],"predecessor-version":[{"id":6316,"href":"https:\/\/www.generations.edu.mo\/pt-pt\/wp-json\/wp\/v2\/pages\/961\/revisions\/6316"}],"wp:attachment":[{"href":"https:\/\/www.generations.edu.mo\/pt-pt\/wp-json\/wp\/v2\/media?parent=961"}],"curies":[{"name":"wp","href":"https:\/\/api.w.org\/{rel}","templated":true}]}}