{"id":928,"date":"2023-07-07T15:09:58","date_gmt":"2023-07-07T07:09:58","guid":{"rendered":"https:\/\/www.generations.edu.mo\/language-program\/"},"modified":"2026-02-03T11:42:35","modified_gmt":"2026-02-03T03:42:35","slug":"language-program","status":"publish","type":"page","link":"https:\/\/www.generations.edu.mo\/pt-pt\/language-program\/","title":{"rendered":"Compet\u00eancias Lingu\u00edsticas"},"content":{"rendered":"\n<p>O Programa de L\u00ednguas GERA\u00c7\u00d5ES foi cuidadosamente concebido para formar os alunos com uma vasta gama de profici\u00eancias lingu\u00edsticas, garantindo que cada aluno recebe o apoio personalizado de que necessita para ter sucesso. Reconhecendo que cada aluno come\u00e7a a sua jornada com habilidades lingu\u00edsticas \u00fanicas, o programa implementa Planos de Aprendizagem Individuais personalizados desde o primeiro dia, combinados com turmas pequenas para fornecer instru\u00e7\u00f5es focadas e personalizadas. Esta abordagem adaptativa e estimulante capacita os alunos a construirem a confian\u00e7a e flu\u00eancia necess\u00e1rias em Ingl\u00eas, Chin\u00eas e Portugu\u00eas ao seu pr\u00f3prio ritmo, abra\u00e7ando a rica paisagem lingu\u00edstica de Macau. Atrav\u00e9s de curr\u00edculos inovadores e parcerias s\u00f3lidas, GERA\u00c7\u00d5ES cultiva comunicadores eficazes e cidad\u00e3os globais culturalmente conscientes, prontos para prosperar em um mundo interligado.<\/p>\n\n\n\n<div class=\"wp-block-group is-nowrap is-layout-flex wp-container-core-group-is-layout-2 wp-block-group-is-layout-flex\">\n<figure class=\"wp-block-image size-full\"><img decoding=\"async\" src=\"https:\/\/generations-edu-mo.ap-south-1.linodeobjects.com\/wp-content\/uploads\/2026\/01\/44473f5c_1767336409-scaled.jpg\" alt=\"\" class=\"wp-image-7296\"\/><\/figure>\n\n\n\n<div class=\"wp-block-group is-layout-constrained wp-block-group-is-layout-constrained\">\n<h2 class=\"wp-block-heading\">Compet\u00eancias Lingu\u00edsticas<\/h2>\n\n\n\n<p>Reconhecendo a import\u00e2ncia da comunica\u00e7\u00e3o, e o papel das l\u00ednguas neste processo e mesmo na hist\u00f3ria e identidade de Macau, o GERA\u00c7\u00d5ES investe propositada e fortemente nas compet\u00eancias lingu\u00edsticas dos seus alunos atrav\u00e9s de um programa tril\u00edngue inovador e &nbsp;ambicioso, com o ingl\u00eas como primeira l\u00edngua.<\/p>\n\n\n\n<p>\u00c9, assim, objetivo primordial da Escola que a todos os seus alunos sejam dadas todas as oportunidades e condi\u00e7\u00f5es necess\u00e1rias para que, aquando da conclus\u00e3o do ensino secund\u00e1rio, possam alcan\u00e7ar uma flu\u00eancia efetiva nas tr\u00eas l\u00ednguas principais lecionadas ao longo dos 3 + 12 anos de escolaridade: Ingl\u00eas, Portugu\u00eas e Chin\u00eas.<\/p>\n<\/div>\n<\/div>\n\n\n\n<div class=\"wp-block-group is-nowrap is-layout-flex wp-container-core-group-is-layout-4 wp-block-group-is-layout-flex\">\n<figure class=\"wp-block-image size-full\"><img decoding=\"async\" src=\"https:\/\/generations-edu-mo.ap-south-1.linodeobjects.com\/wp-content\/uploads\/2025\/09\/327cefe1_1757660707.jpg\" alt=\"\" class=\"wp-image-6111\"\/><\/figure>\n\n\n\n<div class=\"wp-block-group is-layout-constrained wp-block-group-is-layout-constrained\">\n<h2 class=\"wp-block-heading\">Plano Individual de Aprendizagem do Aluno<\/h2>\n\n\n\n<p>A GERA\u00c7\u00d5ES reconhece ainda que, quando se matricula pela primeira vez na Escola, cada aluno tem o seu pr\u00f3prio n\u00edvel de conhecimento de cada l\u00edngua, o que n\u00e3o deve ser motivo de preocupa\u00e7\u00e3o no que respeita ao seu futuro sucesso de aprendizagem.<\/p>\n\n\n\n<p><br>Para garantir que todos os alunos possam atingir o n\u00edvel exigido no momento da sua gradua\u00e7\u00e3o, a GERA\u00c7\u00d5ES conta, desde o primeiro dia, com um Plano Individual de Aprendizagem do Aluno e com turmas de n\u00famero reduzido de alunos, permitindo aos professores dar a aten\u00e7\u00e3o necess\u00e1ria a cada aluno e promover a aprendizagem desejada.<\/p>\n<\/div>\n<\/div>\n","protected":false},"excerpt":{"rendered":"<p>O Programa de L\u00ednguas GERA\u00c7\u00d5ES foi cuidadosamente concebido para formar os alunos com uma vasta gama de profici\u00eancias lingu\u00edsticas, garantindo que cada aluno recebe o apoio personalizado de que necessita para ter sucesso. Reconhecendo que cada aluno come\u00e7a a sua jornada com habilidades lingu\u00edsticas \u00fanicas, o programa implementa Planos de Aprendizagem Individuais personalizados desde o [&hellip;]<\/p>\n","protected":false},"author":1,"featured_media":0,"parent":0,"menu_order":0,"comment_status":"closed","ping_status":"closed","template":"","meta":{"_acf_changed":false,"footnotes":""},"class_list":["post-928","page","type-page","status-publish","hentry"],"acf":{"banner":""},"_links":{"self":[{"href":"https:\/\/www.generations.edu.mo\/pt-pt\/wp-json\/wp\/v2\/pages\/928"}],"collection":[{"href":"https:\/\/www.generations.edu.mo\/pt-pt\/wp-json\/wp\/v2\/pages"}],"about":[{"href":"https:\/\/www.generations.edu.mo\/pt-pt\/wp-json\/wp\/v2\/types\/page"}],"author":[{"embeddable":true,"href":"https:\/\/www.generations.edu.mo\/pt-pt\/wp-json\/wp\/v2\/users\/1"}],"replies":[{"embeddable":true,"href":"https:\/\/www.generations.edu.mo\/pt-pt\/wp-json\/wp\/v2\/comments?post=928"}],"version-history":[{"count":4,"href":"https:\/\/www.generations.edu.mo\/pt-pt\/wp-json\/wp\/v2\/pages\/928\/revisions"}],"predecessor-version":[{"id":6319,"href":"https:\/\/www.generations.edu.mo\/pt-pt\/wp-json\/wp\/v2\/pages\/928\/revisions\/6319"}],"wp:attachment":[{"href":"https:\/\/www.generations.edu.mo\/pt-pt\/wp-json\/wp\/v2\/media?parent=928"}],"curies":[{"name":"wp","href":"https:\/\/api.w.org\/{rel}","templated":true}]}}