{"id":889,"date":"2023-07-07T15:09:16","date_gmt":"2023-07-07T07:09:16","guid":{"rendered":"https:\/\/www.generations.edu.mo\/academic-program\/"},"modified":"2026-01-28T16:18:01","modified_gmt":"2026-01-28T08:18:01","slug":"academic-program","status":"publish","type":"page","link":"https:\/\/www.generations.edu.mo\/pt-pt\/academic-program\/","title":{"rendered":"Oferta Formativa"},"content":{"rendered":"\n<p>O GERA\u00c7\u00d5ES atende alunos de K1 a S6 (Jardim de Inf\u00e2ncia Completo, Prim\u00e1rio e Secund\u00e1rio), dos 3 aos 17 anos de idade. No ano letivo de 2025\/26, a escola est\u00e1 a oferecer o Ensino Infantil completo (K1 a K3), o Ensino Prim\u00e1rio completo (P1 a P6) e o Ensino Secund\u00e1rio de S1 a S3, estando prevista a abertura dos restantes n\u00edveis do Secund\u00e1rio para o(s) ano(s) seguinte(s). O S4 ser\u00e1 inaugurado em 2026\/27.<\/p>\n\n\n\n<p>A GERA\u00c7\u00d5ES oferece um programa acad\u00e9mico din\u00e2mico e inovador alicer\u00e7ado num curr\u00edculo trilingue que integra a aprendizagem da l\u00edngua Inglesa, Chinesa e Portuguesa com uma profunda consci\u00eancia cultural. A escola combina estruturas reconhecidas internacionalmente com as metodologias hol\u00edsticas e centradas no aluno inspiradas no modelo SISU finland\u00eas. Enfatizando um equil\u00edbrio entre a excel\u00eancia acad\u00e9mica e o bem-estar dos estudantes, a GERA\u00c7\u00d5ES promove a criatividade, o pensamento cr\u00edtico e o crescimento emocional. Turmas pequenas, planos de aprendizagem individualizados e um forte foco no desenvolvimento pessoal garantem que cada aluno seja apoiado para prosperar acad\u00e9mica e pessoalmente em um ambiente inclusivo e globalmente ligado.<\/p>\n\n\n\n<h2 class=\"wp-block-heading\">O Nosso Programa<\/h2>\n\n\n\n<div class=\"wp-block-group is-horizontal is-layout-flex wp-block-group-is-layout-flex\">\n<figure class=\"wp-block-image size-full\"><img loading=\"lazy\" decoding=\"async\" width=\"2000\" height=\"1600\" src=\"https:\/\/generations-edu-mo.ap-south-1.linodeobjects.com\/wp-content\/uploads\/2025\/09\/c9404754_1759144922.jpg\" alt=\"\" class=\"wp-image-5108\" srcset=\"https:\/\/generations-edu-mo.ap-south-1.linodeobjects.com\/wp-content\/uploads\/2025\/09\/c9404754_1759144922.jpg 2000w, https:\/\/generations-edu-mo.ap-south-1.linodeobjects.com\/wp-content\/uploads\/2025\/09\/c9404754_1759144922-768x614.jpg 768w\" sizes=\"(max-width: 2000px) 100vw, 2000px\" \/><figcaption class=\"wp-element-caption\">Ensino Infantil<\/figcaption><\/figure>\n\n\n\n<figure class=\"wp-block-image size-full\"><img loading=\"lazy\" decoding=\"async\" width=\"2048\" height=\"1536\" src=\"https:\/\/generations-edu-mo.ap-south-1.linodeobjects.com\/wp-content\/uploads\/2025\/08\/7a957d63_1754990944.jpg\" alt=\"\" class=\"wp-image-3942\" srcset=\"https:\/\/generations-edu-mo.ap-south-1.linodeobjects.com\/wp-content\/uploads\/2025\/08\/7a957d63_1754990944.jpg 2048w, https:\/\/generations-edu-mo.ap-south-1.linodeobjects.com\/wp-content\/uploads\/2025\/08\/7a957d63_1754990944-768x576.jpg 768w\" sizes=\"(max-width: 2048px) 100vw, 2048px\" \/><figcaption class=\"wp-element-caption\">Ensino Prim\u00e1rio<\/figcaption><\/figure>\n\n\n\n<figure class=\"wp-block-image size-full\"><img loading=\"lazy\" decoding=\"async\" width=\"2000\" height=\"1600\" src=\"https:\/\/generations-edu-mo.ap-south-1.linodeobjects.com\/wp-content\/uploads\/2025\/09\/51d6d62d_1759144896.jpg\" alt=\"\" class=\"wp-image-5094\" srcset=\"https:\/\/generations-edu-mo.ap-south-1.linodeobjects.com\/wp-content\/uploads\/2025\/09\/51d6d62d_1759144896.jpg 2000w, https:\/\/generations-edu-mo.ap-south-1.linodeobjects.com\/wp-content\/uploads\/2025\/09\/51d6d62d_1759144896-768x614.jpg 768w\" sizes=\"(max-width: 2000px) 100vw, 2000px\" \/><figcaption class=\"wp-element-caption\">Ensinos Secund\u00e1rio Geral e Complementar<\/figcaption><\/figure>\n\n\n\n<figure class=\"wp-block-image size-full\"><img loading=\"lazy\" decoding=\"async\" width=\"2000\" height=\"1600\" src=\"https:\/\/generations-edu-mo.ap-south-1.linodeobjects.com\/wp-content\/uploads\/2025\/09\/cf0c98f0_1759144902.jpg\" alt=\"\" class=\"wp-image-5098\" srcset=\"https:\/\/generations-edu-mo.ap-south-1.linodeobjects.com\/wp-content\/uploads\/2025\/09\/cf0c98f0_1759144902.jpg 2000w, https:\/\/generations-edu-mo.ap-south-1.linodeobjects.com\/wp-content\/uploads\/2025\/09\/cf0c98f0_1759144902-768x614.jpg 768w\" sizes=\"(max-width: 2000px) 100vw, 2000px\" \/><figcaption class=\"wp-element-caption\">Compet\u00eancias Lingu\u00edsticas<\/figcaption><\/figure>\n\n\n\n<figure class=\"wp-block-image size-full\"><img loading=\"lazy\" decoding=\"async\" width=\"2000\" height=\"1600\" src=\"https:\/\/generations-edu-mo.ap-south-1.linodeobjects.com\/wp-content\/uploads\/2025\/09\/3afeeff8_1757580977.jpg\" alt=\"\" class=\"wp-image-4730\" srcset=\"https:\/\/generations-edu-mo.ap-south-1.linodeobjects.com\/wp-content\/uploads\/2025\/09\/3afeeff8_1757580977.jpg 2000w, https:\/\/generations-edu-mo.ap-south-1.linodeobjects.com\/wp-content\/uploads\/2025\/09\/3afeeff8_1757580977-768x614.jpg 768w\" sizes=\"(max-width: 2000px) 100vw, 2000px\" \/><figcaption class=\"wp-element-caption\">Bem-Estar<\/figcaption><\/figure>\n\n\n\n<figure class=\"wp-block-image size-full\"><img loading=\"lazy\" decoding=\"async\" width=\"2000\" height=\"1600\" src=\"https:\/\/generations-edu-mo.ap-south-1.linodeobjects.com\/wp-content\/uploads\/2025\/09\/ea8b196c_1759144907.jpg\" alt=\"\" class=\"wp-image-5102\" srcset=\"https:\/\/generations-edu-mo.ap-south-1.linodeobjects.com\/wp-content\/uploads\/2025\/09\/ea8b196c_1759144907.jpg 2000w, https:\/\/generations-edu-mo.ap-south-1.linodeobjects.com\/wp-content\/uploads\/2025\/09\/ea8b196c_1759144907-768x614.jpg 768w\" sizes=\"(max-width: 2000px) 100vw, 2000px\" \/><figcaption class=\"wp-element-caption\">Atividades e Eventos Culturais<\/figcaption><\/figure>\n\n\n\n<figure class=\"wp-block-image size-full\"><img loading=\"lazy\" decoding=\"async\" width=\"2000\" height=\"1600\" src=\"https:\/\/generations-edu-mo.ap-south-1.linodeobjects.com\/wp-content\/uploads\/2025\/09\/979b1edf_1759144913.jpg\" alt=\"\" class=\"wp-image-5106\" srcset=\"https:\/\/generations-edu-mo.ap-south-1.linodeobjects.com\/wp-content\/uploads\/2025\/09\/979b1edf_1759144913.jpg 2000w, https:\/\/generations-edu-mo.ap-south-1.linodeobjects.com\/wp-content\/uploads\/2025\/09\/979b1edf_1759144913-768x614.jpg 768w\" sizes=\"(max-width: 2000px) 100vw, 2000px\" \/><figcaption class=\"wp-element-caption\">Atividades Extracurriculares<\/figcaption><\/figure>\n<\/div>\n","protected":false},"excerpt":{"rendered":"<p>O GERA\u00c7\u00d5ES atende alunos de K1 a S6 (Jardim de Inf\u00e2ncia Completo, Prim\u00e1rio e Secund\u00e1rio), dos 3 aos 17 anos de idade. No ano letivo de 2025\/26, a escola est\u00e1 a oferecer o Ensino Infantil completo (K1 a K3), o Ensino Prim\u00e1rio completo (P1 a P6) e o Ensino Secund\u00e1rio de S1 a S3, estando [&hellip;]<\/p>\n","protected":false},"author":1,"featured_media":0,"parent":0,"menu_order":0,"comment_status":"closed","ping_status":"closed","template":"","meta":{"_acf_changed":false,"footnotes":""},"class_list":["post-889","page","type-page","status-publish","hentry"],"acf":{"banner":3092},"_links":{"self":[{"href":"https:\/\/www.generations.edu.mo\/pt-pt\/wp-json\/wp\/v2\/pages\/889"}],"collection":[{"href":"https:\/\/www.generations.edu.mo\/pt-pt\/wp-json\/wp\/v2\/pages"}],"about":[{"href":"https:\/\/www.generations.edu.mo\/pt-pt\/wp-json\/wp\/v2\/types\/page"}],"author":[{"embeddable":true,"href":"https:\/\/www.generations.edu.mo\/pt-pt\/wp-json\/wp\/v2\/users\/1"}],"replies":[{"embeddable":true,"href":"https:\/\/www.generations.edu.mo\/pt-pt\/wp-json\/wp\/v2\/comments?post=889"}],"version-history":[{"count":13,"href":"https:\/\/www.generations.edu.mo\/pt-pt\/wp-json\/wp\/v2\/pages\/889\/revisions"}],"predecessor-version":[{"id":6148,"href":"https:\/\/www.generations.edu.mo\/pt-pt\/wp-json\/wp\/v2\/pages\/889\/revisions\/6148"}],"wp:attachment":[{"href":"https:\/\/www.generations.edu.mo\/pt-pt\/wp-json\/wp\/v2\/media?parent=889"}],"curies":[{"name":"wp","href":"https:\/\/api.w.org\/{rel}","templated":true}]}}