{"id":2041,"date":"2024-07-02T18:01:50","date_gmt":"2024-07-02T10:01:50","guid":{"rendered":"https:\/\/www.generations.edu.mo\/?page_id=2041"},"modified":"2024-07-03T10:22:42","modified_gmt":"2024-07-03T02:22:42","slug":"testemunho-dos-pais","status":"publish","type":"page","link":"https:\/\/www.generations.edu.mo\/pt-pt\/testemunho-dos-pais\/","title":{"rendered":"Testemunho dos Pais"},"content":{"rendered":"\n<div class=\"wp-block-columns alignwide has-turquoise-01-background-color has-background is-layout-flex wp-container-core-columns-is-layout-1 wp-block-columns-is-layout-flex\" style=\"margin-bottom:0;box-shadow:var(--wp--preset--shadow--natural)\">\n<div class=\"wp-block-column is-vertically-aligned-center is-layout-flow wp-block-column-is-layout-flow\">\n<figure class=\"wp-block-image aligncenter size-full is-style-rounded\"><img decoding=\"async\" src=\"https:\/\/generations-edu-mo.ap-south-1.linodeobjects.com\/wp-content\/uploads\/2024\/06\/48aa3b4e_1719212081.jpg\" alt=\"\" class=\"wp-image-1553\"\/><\/figure>\n<\/div>\n\n\n\n<div class=\"wp-block-column is-layout-flow wp-block-column-is-layout-flow\">\n<div class=\"wp-block-group is-layout-constrained wp-block-group-is-layout-constrained\">\n<blockquote class=\"wp-block-quote is-layout-flow wp-block-quote-is-layout-flow\">\n<p class=\"has-regular-font-size\"><strong>Pai Fundador Gera\u00e7\u00f5es<\/strong><\/p>\n\n\n\n<p class=\"has-xl-font-size\"><strong>Eng.<\/strong> <strong>Henrique&nbsp;Marques<\/strong><\/p>\n<\/blockquote>\n<\/div>\n\n\n\n<p><\/p>\n\n\n\n<p>Ser pai pela primeira vez \u00e9 um desafio. Ser pai pela primeira vez num pa\u00eds estrangeiro, com uma mentalidade diferente daquela com que se foi criado, torna tudo ainda mais dif\u00edcil.<\/p>\n\n\n\n<p>Encontramos na Gera\u00e7\u00f5es Escola Internacional um local seguro, com um projeto educacional que melhor se adapta \u00e0s aspira\u00e7\u00f5es de um estudante do mundo moderno. Um lugar onde uma crian\u00e7a pode ser crian\u00e7a, onde o ensino se baseia em experi\u00eancias de primeira m\u00e3o e para onde o nosso filho corre todas as manh\u00e3s com um sorriso no rosto.<\/p>\n\n\n\n<p>A melhoria do nosso filho durante o primeiro ano na nova escola foi impressionante. Muito deveu-se ao plano de estudo individualizado preparado e acompanhado por todos os profissionais da escola, bem como ao reduzido n\u00famero de alunos por sala de aula, o que permite aos professores concentrarem-se adequadamente no seu trabalho e motivar as crian\u00e7as a participarem nas diversas atividades do quotidiano.<\/p>\n\n\n\n<p>A Gera\u00e7\u00f5es Escola Internacional \u00e9 uma \u201clufada de ar fresco\u201d para Macau, onde a competitividade por vezes esquece que tudo na vida tem o seu tempo e que as crian\u00e7as merecem ser crian\u00e7as.<\/p>\n<\/div>\n<\/div>\n\n\n\n<div class=\"wp-block-columns alignwide has-yellow-01-background-color has-background is-layout-flex wp-container-core-columns-is-layout-2 wp-block-columns-is-layout-flex\" style=\"margin-bottom:0;box-shadow:var(--wp--preset--shadow--natural)\">\n<div class=\"wp-block-column is-vertically-aligned-center is-layout-flow wp-block-column-is-layout-flow\">\n<figure class=\"wp-block-image aligncenter size-full is-style-rounded\"><img loading=\"lazy\" decoding=\"async\" width=\"1707\" height=\"2560\" src=\"https:\/\/generations-edu-mo.ap-south-1.linodeobjects.com\/wp-content\/uploads\/2024\/07\/0cedaa63_1719915155-scaled.jpg\" alt=\"\" class=\"wp-image-2052\" style=\"aspect-ratio:3\/2;object-fit:cover\" srcset=\"https:\/\/generations-edu-mo.ap-south-1.linodeobjects.com\/wp-content\/uploads\/2024\/07\/0cedaa63_1719915155-scaled.jpg 1707w, https:\/\/generations-edu-mo.ap-south-1.linodeobjects.com\/wp-content\/uploads\/2024\/07\/0cedaa63_1719915155-768x1152.jpg 768w\" sizes=\"(max-width: 1707px) 100vw, 1707px\" \/><\/figure>\n<\/div>\n\n\n\n<div class=\"wp-block-column is-layout-flow wp-block-column-is-layout-flow\">\n<div class=\"wp-block-group is-layout-constrained wp-block-group-is-layout-constrained\">\n<blockquote class=\"wp-block-quote is-layout-flow wp-block-quote-is-layout-flow\">\n<p class=\"has-regular-font-size\"><strong>Pai Fundador Gera\u00e7\u00f5es<\/strong><\/p>\n\n\n\n<p class=\"has-xl-font-size\"><strong>Matthew Wallace<\/strong><\/p>\n<\/blockquote>\n<\/div>\n\n\n\n<p><\/p>\n\n\n\n<p>Ao procurar uma escola para o nosso filho, pretend\u00edamos um lugar que valorizasse o seu car\u00e1ter e celebrasse as diferen\u00e7as individuais entre ele e os restantes alunos. Descobrimos isso na Gera\u00e7\u00f5es. A escola permite que as crian\u00e7as sejam elas mesmas, ao mesmo tempo que as ajuda a atingir os seus objetivos de aprendizagem e de desenvolvimento. Uma raz\u00e3o pela qual isso \u00e9 poss\u00edvel \u00e9 o ambiente positivo da Gera\u00e7\u00f5es. O nosso filho sente-se confort\u00e1vel ao explorar a sua curiosidade e \u00e9 incentivado a faz\u00ea-lo por professores internacionais qualificados e por uma lideran\u00e7a escolar solid\u00e1ria e com vis\u00e3o de futuro. O nosso filho tamb\u00e9m beneficia do foco curricular colocado na aprendizagem numa perspetiva hol\u00edstica da crian\u00e7a e da compreens\u00e3o de que a aprendizagem \u00e9 um processo de desenvolvimento. A Gera\u00e7\u00f5es prioriza o bem-estar dos alunos ao promover um sentimento positivo sobre si pr\u00f3prio e ao dar-lhes a confian\u00e7a necess\u00e1ria para terem sucesso. A partir dessa base s\u00f3lida, a escola desenvolve compet\u00eancias e habilidades f\u00edsicas, sociais, lingu\u00edsticas e acad\u00e9micas. Esta abordagem tem sido muito eficaz, estando o nosso filho feliz e confiante e tendo-se desenvolvido significativamente em todas as \u00e1reas de crescimento desde que se inscreveu na escola.<\/p>\n\n\n\n<p>Para orientar o processo de aprendizagem, a Gera\u00e7\u00f5es utiliza uma ferramenta \u00fanica e eficaz: o plano individual de aprendizagem. O plano, elaborado pelos professores em colabora\u00e7\u00e3o com os pais, inclui observa\u00e7\u00f5es em m\u00faltiplas dimens\u00f5es de aprendizagem e de desenvolvimento, objetivos cuidadosamente pensados para o desenvolvimento futuro e m\u00e9todos espec\u00edficos a serem empreendidos para atingir esses objetivos. Esta abordagem sistem\u00e1tica \u00e0 aprendizagem permite-nos ver claramente o quanto o nosso filho progride ao longo do ano, o que almejar para avan\u00e7ar e como chegar l\u00e1. Os resultados deste m\u00e9todo s\u00e3o claros, pois o nosso filho possui alegria em aprender, vontade de frequentar a escola todos os dias e um hist\u00f3rico claro de desenvolvimento pessoal. Estamos imensamente satisfeitos com a nossa experi\u00eancia na Gera\u00e7\u00f5es e emocionados por fazer parte da comunidade.<\/p>\n<\/div>\n<\/div>\n","protected":false},"excerpt":{"rendered":"<p>Pai Fundador Gera\u00e7\u00f5es Eng. Henrique&nbsp;Marques Ser pai pela primeira vez \u00e9 um desafio. Ser pai pela primeira vez num pa\u00eds estrangeiro, com uma mentalidade diferente daquela com que se foi criado, torna tudo ainda mais dif\u00edcil. Encontramos na Gera\u00e7\u00f5es Escola Internacional um local seguro, com um projeto educacional que melhor se adapta \u00e0s aspira\u00e7\u00f5es de [&hellip;]<\/p>\n","protected":false},"author":1,"featured_media":0,"parent":0,"menu_order":0,"comment_status":"closed","ping_status":"closed","template":"","meta":{"_acf_changed":false,"footnotes":""},"class_list":["post-2041","page","type-page","status-publish","hentry"],"acf":{"banner":""},"_links":{"self":[{"href":"https:\/\/www.generations.edu.mo\/pt-pt\/wp-json\/wp\/v2\/pages\/2041"}],"collection":[{"href":"https:\/\/www.generations.edu.mo\/pt-pt\/wp-json\/wp\/v2\/pages"}],"about":[{"href":"https:\/\/www.generations.edu.mo\/pt-pt\/wp-json\/wp\/v2\/types\/page"}],"author":[{"embeddable":true,"href":"https:\/\/www.generations.edu.mo\/pt-pt\/wp-json\/wp\/v2\/users\/1"}],"replies":[{"embeddable":true,"href":"https:\/\/www.generations.edu.mo\/pt-pt\/wp-json\/wp\/v2\/comments?post=2041"}],"version-history":[{"count":5,"href":"https:\/\/www.generations.edu.mo\/pt-pt\/wp-json\/wp\/v2\/pages\/2041\/revisions"}],"predecessor-version":[{"id":2086,"href":"https:\/\/www.generations.edu.mo\/pt-pt\/wp-json\/wp\/v2\/pages\/2041\/revisions\/2086"}],"wp:attachment":[{"href":"https:\/\/www.generations.edu.mo\/pt-pt\/wp-json\/wp\/v2\/media?parent=2041"}],"curies":[{"name":"wp","href":"https:\/\/api.w.org\/{rel}","templated":true}]}}