{"id":1110,"date":"2023-11-20T07:04:34","date_gmt":"2023-11-19T23:04:34","guid":{"rendered":"https:\/\/www.generations.edu.mo\/tuition-and-fees\/"},"modified":"2026-03-04T14:20:08","modified_gmt":"2026-03-04T06:20:08","slug":"tuition-and-fees","status":"publish","type":"page","link":"https:\/\/www.generations.edu.mo\/pt-pt\/tuition-and-fees\/","title":{"rendered":"Propinas e Taxas"},"content":{"rendered":"\n<div class=\"wp-block-group is-nowrap is-layout-flex wp-container-core-group-is-layout-3 wp-block-group-is-layout-flex\">\n<figure class=\"wp-block-image size-large\"><img decoding=\"async\" src=\"https:\/\/generations-edu-mo.ap-south-1.linodeobjects.com\/wp-content\/uploads\/2023\/12\/17caca63_1704035508.png\" alt=\"\"\/><\/figure>\n\n\n\n<div class=\"wp-block-group is-vertical is-layout-flex wp-container-core-group-is-layout-2 wp-block-group-is-layout-flex\">\n<div class=\"wp-block-group is-layout-constrained wp-block-group-is-layout-constrained\">\n<h2 class=\"wp-block-heading\">Propinas Escolares 2026\/2027 <\/h2>\n\n\n\n<ol class=\"wp-block-list\">\n<li>Taxa de inscri\u00e7\u00e3o: MOP1,500 (taxa \u00fanica n\u00e3o reembols\u00e1vel)<\/li>\n\n\n\n<li>Taxa de reserva de vaga escolar: MOP8,000 (n\u00e3o reembols\u00e1vel, ser\u00e1 deduzida da propina do respetivo ano letivo)<\/li>\n\n\n\n<li>Despesas com servi\u00e7os complementares: MOP2,000<\/li>\n\n\n\n<li>As propinas s\u00e3o pagas em 2 presta\u00e7\u00f5es ao longo do ano letivo<\/li>\n<\/ol>\n\n\n\n<div class=\"wp-block-buttons is-layout-flex wp-block-buttons-is-layout-flex\">\n<div class=\"wp-block-button\"><a class=\"wp-block-button__link wp-element-button\" href=\"https:\/\/generations-edu-mo.ap-south-1.linodeobjects.com\/wp-content\/uploads\/2026\/03\/9c2b9995_1772603701.pdf\" target=\"_blank\" rel=\"noreferrer noopener\">Click here for more information about the fees for 2026\/2027<\/a><\/div>\n<\/div>\n\n\n\n<div style=\"height:35px\" aria-hidden=\"true\" class=\"wp-block-spacer\"><\/div>\n\n\n\n<hr>\n<h2 class=\"wp-block-heading\" style=\"padding:10px 0;\">Propinas Escolares 2025\/2026 <\/h2>\n<\/div>\n\n\n\n<div class=\"wp-block-buttons is-layout-flex wp-block-buttons-is-layout-flex\">\n<div class=\"wp-block-button\"><a class=\"wp-block-button__link wp-element-button\" href=\"https:\/\/generations-edu-mo.ap-south-1.linodeobjects.com\/wp-content\/uploads\/2025\/08\/20bfd9f9_1755593485.pdf\" target=\"_blank\" rel=\"noreferrer noopener\">Click here for more information about the fees for 2025\/2026<\/a><\/div>\n<\/div>\n<\/div>\n<\/div>\n","protected":false},"excerpt":{"rendered":"<p>Propinas Escolares 2026\/2027 Propinas Escolares 2025\/2026<\/p>\n","protected":false},"author":1,"featured_media":0,"parent":0,"menu_order":0,"comment_status":"closed","ping_status":"closed","template":"","meta":{"_acf_changed":false,"footnotes":""},"class_list":["post-1110","page","type-page","status-publish","hentry"],"acf":{"banner":""},"_links":{"self":[{"href":"https:\/\/www.generations.edu.mo\/pt-pt\/wp-json\/wp\/v2\/pages\/1110"}],"collection":[{"href":"https:\/\/www.generations.edu.mo\/pt-pt\/wp-json\/wp\/v2\/pages"}],"about":[{"href":"https:\/\/www.generations.edu.mo\/pt-pt\/wp-json\/wp\/v2\/types\/page"}],"author":[{"embeddable":true,"href":"https:\/\/www.generations.edu.mo\/pt-pt\/wp-json\/wp\/v2\/users\/1"}],"replies":[{"embeddable":true,"href":"https:\/\/www.generations.edu.mo\/pt-pt\/wp-json\/wp\/v2\/comments?post=1110"}],"version-history":[{"count":14,"href":"https:\/\/www.generations.edu.mo\/pt-pt\/wp-json\/wp\/v2\/pages\/1110\/revisions"}],"predecessor-version":[{"id":6747,"href":"https:\/\/www.generations.edu.mo\/pt-pt\/wp-json\/wp\/v2\/pages\/1110\/revisions\/6747"}],"wp:attachment":[{"href":"https:\/\/www.generations.edu.mo\/pt-pt\/wp-json\/wp\/v2\/media?parent=1110"}],"curies":[{"name":"wp","href":"https:\/\/api.w.org\/{rel}","templated":true}]}}