{"id":1104,"date":"2023-06-15T18:42:54","date_gmt":"2023-06-15T10:42:54","guid":{"rendered":"https:\/\/www.generations.edu.mo\/admission-requirements\/"},"modified":"2026-03-02T12:06:23","modified_gmt":"2026-03-02T04:06:23","slug":"admission-requirements","status":"publish","type":"page","link":"https:\/\/www.generations.edu.mo\/pt-pt\/admission-requirements\/","title":{"rendered":"Inscri\u00e7\u00f5es"},"content":{"rendered":"\n<div style=\"height:100px\" aria-hidden=\"true\" class=\"wp-block-spacer\"><\/div>\n\n\n\n<h2 class=\"wp-block-heading has-text-align-center\">Inscri\u00e7\u00e3o no Ano Letivo 2026\/27<\/h2>\n\n\n\n<p class=\"has-text-align-center\">No ano letivo de 2026\/27, a nossa escola est\u00e1 a admitir alunos para<br>o Kindergarten (K1 a K3), Prim\u00e1ria (P1 ao P6) e Secund\u00e1rio (S1 a S4)<\/p>\n\n\n\n<div class=\"wp-block-group is-layout-constrained wp-block-group-is-layout-constrained\">\n<figure class=\"wp-block-image alignright size-full is-resized\"><img loading=\"lazy\" decoding=\"async\" width=\"420\" height=\"576\" src=\"https:\/\/generations-edu-mo.ap-south-1.linodeobjects.com\/wp-content\/uploads\/2023\/11\/f4123e4d_1700438968.png\" alt=\"\" class=\"wp-image-572\" style=\"width:159px;height:auto\"\/><\/figure>\n\n\n\n<h2 class=\"wp-block-heading has-text-align-left\" id=\"first-time-kindergarten-enrollments\">Inscri\u00e7\u00e3o no Ensino Infantil pela primeira vez<\/h2>\n\n\n\n<p class=\"has-text-align-left\">Se \u00e9 a primeira vez que a crian\u00e7a ingressa no ensino infantil, a sua inscri\u00e7\u00e3o deve ser feita atrav\u00e9s do Registo Central, que \u00e9 gerido pela DSEDJ.<\/p>\n\n\n\n<p><\/p>\n\n\n\n<div style=\"height:5px\" aria-hidden=\"true\" class=\"wp-block-spacer\"><\/div>\n\n\n\n<h3 class=\"wp-block-heading\" id=\"application-process-for-other-students\">Processo de Inscri\u00e7\u00e3o no Registo Central<\/h3>\n\n\n\n<div class=\"wp-block-group is-layout-constrained wp-block-group-is-layout-constrained\">\n<figure class=\"wp-block-table\"><table><tbody><tr><td><strong>Quando?<\/strong><\/td><td><strong>O que acontece?<\/strong><\/td><\/tr><tr><td>6 a 16 de janeiro<\/td><td>Registo atrav\u00e9s da Conta \u00danica, do website ou dos balc\u00f5es de atendimento da DSEDJ.<\/td><\/tr><tr><td>10 a 12 de fevereiro<\/td><td>A data e hora da entrevista, bem como os detalhes do m\u00e9todo de pagamento da taxa de candidatura (MOP 1,500), ser\u00e3o publicados via nosso website. Os pais s\u00e3o bem-vindos a contactar-nos para confirma\u00e7\u00e3o.<\/td><\/tr><tr><td>7 e 14 de mar\u00e7o<\/td><td>As entrevistas ser\u00e3o realizadas de acordo com a hora marcada na nossa escola. A entrevista dura cerca de 30 minutos e a crian\u00e7a tem de ser acompanhada por um dos pais. Os pais devem fazer o check-in na escola, apresentando o c\u00f3digo QR da entrevista e o documento de identifica\u00e7\u00e3o da crian\u00e7a.<\/td><\/tr><tr><td>8 de abril<\/td><td>Os resultados ser\u00e3o publicados pela nossa escola e do website da DSEDJ.<\/td><\/tr><\/tbody><\/table><\/figure>\n\n\n\n<figure class=\"wp-block-table\"><table><tbody><tr><td class=\"has-text-align-center\" data-align=\"center\"><strong>Ap\u00f3s a Admiss\u00e3o com Sucesso<\/strong><\/td><\/tr><\/tbody><\/table><\/figure>\n\n\n\n<figure class=\"wp-block-table\"><table><tbody><tr><td>8 a 10 de abril<\/td><td>Confirma\u00e7\u00e3o da inscri\u00e7\u00e3o na escola pretendida a efectuar pelos encarregados de educa\u00e7\u00e3o no website da DSEDJ ou atrav\u00e9s da Conta \u00danica.<\/td><\/tr><tr><td>13 a 15 de<sup>&nbsp;<\/sup>abril<\/td><td>Os pais dos alunos admitidos t\u00eam de concluir as formalidades de matr\u00edcula, apresentando os documentos de identifica\u00e7\u00e3o ou o c\u00f3digo QR de acesso escolar pela primeira vez, com o pagamento de uma taxa de matr\u00edcula de MOP 8,000 (n\u00e3o reembols\u00e1vel e ser\u00e1 descontada na propina do respectivo ano letivo).<\/td><\/tr><\/tbody><\/table><\/figure>\n\n\n\n<figure class=\"wp-block-table\"><table><tbody><tr><td class=\"has-text-align-center\" data-align=\"center\"><strong>Em Lista de Espera<\/strong><\/td><\/tr><\/tbody><\/table><\/figure>\n\n\n\n<figure class=\"wp-block-table\"><table><tbody><tr><td>A partir de 11 de abril<\/td><td>Os encarregados de educa\u00e7\u00e3o ser\u00e3o notificados pela escola sobre o resultado da candidatura do seu educando \u00e0 nossa escola.<\/td><\/tr><\/tbody><\/table><\/figure>\n\n\n\n<div class=\"wp-block-buttons is-content-justification-right is-layout-flex wp-container-core-buttons-is-layout-1 wp-block-buttons-is-layout-flex\">\n<div class=\"wp-block-button\"><a class=\"wp-block-button__link has-text-align-right wp-element-button\" href=\"https:\/\/portal.dsedj.gov.mo\/webdsejspace\/site\/talao\/2627\/index.jsp\">Mais informa\u00e7\u00f5es &#8230;<\/a><\/div>\n<\/div>\n<\/div>\n<\/div>\n\n\n\n<div class=\"wp-block-group is-layout-constrained wp-block-group-is-layout-constrained\">\n<h2 class=\"wp-block-heading has-text-align-left\" id=\"first-time-kindergarten-enrollments\">Inscri\u00e7\u00e3o<\/h2>\n\n\n\n<p class=\"has-text-align-left\">Para inscrever o aluno na nossa escola, siga as seguintes orienta\u00e7\u00f5es. <br>Se for a primeira vez que o aluno se vai inscrever no Kindergarten, \u00e9 favor seguir o Processo de Inscri\u00e7\u00e3o do Registro Central.<\/p>\n\n\n\n<h3 class=\"wp-block-heading\" id=\"application-process-for-other-students\">Processo de Candidatura<\/h3>\n\n\n\n<figure class=\"wp-block-table\"><table><tbody><tr><td><strong>Data<\/strong><\/td><td><strong>Observa\u00e7\u00f5es<\/strong><\/td><\/tr><tr><td>A partir de 1 de mar\u00e7o<\/td><td>O formul\u00e1rio de inscri\u00e7\u00e3o deve ser preenchido no website da nossa escola e entregue com os seguintes documentos:<br><ul><li>Residente de Macau \u2013 Fotoc\u00f3pia do BIR do candidato<\/li><li>N\u00e3o Residente de Macau \u2013 Fotoc\u00f3pias do Passaporte do candidato e do documento comprovativo de autoriza\u00e7\u00e3o de resid\u00eancia ou perman\u00eancia do candidato por um per\u00edodo superior a 90 dias, emitido pela respetiva entidade<\/li><li>Fotoc\u00f3pias dos relat\u00f3rios ou transcri\u00e7\u00f5es escolares do candidato para o ano corrente<\/li><li>Uma taxa de candidatura de MOP 1,500 (n\u00e3o reembols\u00e1vel; detalhes de pagamento ser\u00e3o fornecidos ap\u00f3s a rece\u00e7\u00e3o da candidatura)<\/li><\/ul><\/td><\/tr><tr><td>Para candidatura recebida at\u00e9 8 de mar\u00e7o<\/td><td><ul><li>As entrevistas e avalia\u00e7\u00f5es ser\u00e3o marcadas nos dias 14 a 21 de mar\u00e7o na nossa escola<\/li><li>Os resultados ser\u00e3o publicados no dia 27 de mar\u00e7o no nosso website<\/li><li>Entre 13 e 15 de abril: Os pais devem dirigir-se \u00e0 escola para concluir as formalidades de matr\u00edcula. \u00c9 necess\u00e1rio pagar uma taxa de matr\u00edcula de MOP 8,000 (n\u00e3o reembols\u00e1vel e ser\u00e1 descontada na propina do pr\u00f3ximo ano letivo)<\/li><\/ul><\/td><\/tr><tr><td>Para candidatura recebida ap\u00f3s 8 de mar\u00e7o<\/td><td>Entraremos em contacto consigo para detalhes da entrevista.<\/td><\/tr><\/tbody><\/table><\/figure>\n<\/div>\n\n\n\n<div style=\"height:5px\" aria-hidden=\"true\" class=\"wp-block-spacer\"><\/div>\n\n\n\n<div class=\"wp-block-buttons is-layout-flex wp-block-buttons-is-layout-flex\">\n<div class=\"wp-block-button\"><a class=\"wp-block-button__link wp-element-button\" href=\"https:\/\/generations-edu-mo.ap-south-1.linodeobjects.com\/wp-content\/uploads\/2025\/12\/50b3dadf_1767081921.pdf\">Baixar o Guia de Candidatura<\/a><\/div>\n<\/div>\n\n\n\n<div style=\"height:100px\" aria-hidden=\"true\" class=\"wp-block-spacer\"><\/div>\n\n\n\n<h2 class=\"wp-block-heading has-text-align-center\">Inscri\u00e7\u00e3o no corrente Ano Letivo 2025\/26<\/h2>\n\n\n\n<p class=\"has-text-align-center\">No ano letivo de 2025\/26, a nossa escola est\u00e1 a admitir alunos para<br>o Kindergarten (K1 a K3), Prim\u00e1ria (P1 ao P6) e Secund\u00e1rio (S1 ao S3)<\/p>\n\n\n\n<div class=\"wp-block-group is-layout-constrained wp-block-group-is-layout-constrained\">\n<p class=\"has-text-align-left\">Bem-vindo ao Processo de Admiss\u00e3o da GERA\u00c7\u00d5ES, o primeiro passo para se tornar um membro valorizado da nossa comunidade. Na GERA\u00c7\u00d5ES, estamos empenhados em tornar o processo de admiss\u00e3o suave, transparente e devidamente apoiado, reconhecendo que a escolha de uma escola \u00e9 uma decis\u00e3o central para as fam\u00edlias.<br><br>Passo 1: Preencha a Candidatura Online<\/p>\n\n\n\n<p class=\"has-text-align-left\">Preencha o formul\u00e1rio de inscri\u00e7\u00e3o dispon\u00edvel no nosso site, fornecendo todas as informa\u00e7\u00f5es necess\u00e1rias e anexando os documentos necess\u00e1rios, como os de identifica\u00e7\u00e3o, registos acad\u00e9micos e autoriza\u00e7\u00f5es de resid\u00eancia.<br><br>Etapa 2: Agendamento de revis\u00e3o e avalia\u00e7\u00e3o do aplicativo<\/p>\n\n\n\n<p class=\"has-text-align-left\">A nossa equipa de admiss\u00f5es analisa de imediato todas as inscri\u00e7\u00f5es. As fam\u00edlias s\u00e3o contactadas no prazo m\u00e1ximo de 2 dias \u00fateis para agendar um dia de avalia\u00e7\u00e3o.<br><br>Passo 3: Avalia\u00e7\u00e3o e Entrevista<\/p>\n\n\n\n<p class=\"has-text-align-left\">Os candidatos realizam uma avalia\u00e7\u00e3o e uma entrevista conduzidas por educadores experientes, concebidas para compreender os pontos fortes e as necessidades de aprendizagem do aluno. Os testes de profici\u00eancia lingu\u00edstica s\u00e3o realizados n\u00e3o como um factor de exclus\u00e3o, mas como uma ferramenta de coloca\u00e7\u00e3o no n\u00edvel mais adequado ao aluno. Aplica-se uma taxa de candidatura n\u00e3o reembols\u00e1vel de MOP 1.500 e os resultados s\u00e3o partilhados no prazo de dois dias \u00fateis.<br><br>Passo 4: Admiss\u00e3o e Inscri\u00e7\u00e3o<\/p>\n\n\n\n<p class=\"has-text-align-left\">Os candidatos aceites recebem uma oferta de admiss\u00e3o. Para confirmar a inscri\u00e7\u00e3o, as fam\u00edlias concluem o processo de inscri\u00e7\u00e3o na recep\u00e7\u00e3o da escola, incluindo o pagamento de uma taxa de inscri\u00e7\u00e3o n\u00e3o reembols\u00e1vel de MOP 8.000 (deduzida depois da propina do primeiro termo), apresenta\u00e7\u00e3o da documenta\u00e7\u00e3o final e compra de uniformes, materiais e livros (&#8220;servi\u00e7o one-stop-shop&#8221; na nossa Recep\u00e7\u00e3o para conveni\u00eancia das nossas fam\u00edlias).<br><br>Passo 5: Orienta\u00e7\u00e3o e In\u00edcio da Escola<\/p>\n\n\n\n<p class=\"has-text-align-left\">As novas fam\u00edlias s\u00e3o calorosamente recebidas com uma orienta\u00e7\u00e3o informativa para apoiar uma transi\u00e7\u00e3o confiante e suave. Os alunos iniciam ent\u00e3o o seu percurso educativo na GERA\u00c7\u00d5ES, onde o apoio personalizado continua ao longo do seu percurso de aprendizagem. O nosso Embaixador Gera\u00e7\u00f5es \u00e9 destacado para garantir que pais e alunos se sintam totalmente apoiados em todos os momentos nesta jornada que est\u00e3o a iniciar na GERA\u00c7\u00d5ES.<\/p>\n\n\n\n<p>A nossa equipa de admiss\u00f5es tamb\u00e9m est\u00e1 sempre dispon\u00edvel para orientar as fam\u00edlias ao longo destas etapas, garantindo clareza e assist\u00eancia a todo o momento. Tamb\u00e9m apoiamos as fam\u00edlias sujeitas ao registo central da DSEDJ, quando aplic\u00e1vel. Este processo reflecte o compromisso da GERA\u00c7\u00d5ES em criar uma comunidade escolar diversificada e pr\u00f3spera, pelo que n\u00e3o hesite em nos-dar o prazer de nos contactar!<\/p>\n\n\n\n<div class=\"wp-block-cover alignwide is-light has-custom-content-position is-position-top-left\" style=\"min-height:475px;aspect-ratio:unset;\"><span aria-hidden=\"true\" class=\"wp-block-cover__background has-background-dim\" style=\"background-color:#FFF\"><\/span><img decoding=\"async\" class=\"wp-block-cover__image-background wp-image-3482\" alt=\"\" src=\"https:\/\/generations-edu-mo.ap-south-1.linodeobjects.com\/wp-content\/uploads\/2024\/12\/8a918a6a_1734493139-scaled.jpg\" style=\"object-position:28% 81%\" data-object-fit=\"cover\" data-object-position=\"28% 81%\"\/><div class=\"wp-block-cover__inner-container is-layout-constrained wp-block-cover-is-layout-constrained\">\n<div class=\"wp-block-buttons is-layout-flex wp-container-core-buttons-is-layout-3 wp-block-buttons-is-layout-flex\">\n<div class=\"wp-block-button\"><a class=\"wp-block-button__link wp-element-button\" href=\"https:\/\/apply.generations.edu.mo\/\" target=\"_blank\" rel=\"noreferrer noopener\">Pr\u00e9-Inscri\u00e7\u00e3o Online<\/a><\/div>\n<\/div>\n\n\n\n<p class=\"has-text-align-center has-large-font-size\"><\/p>\n<\/div><\/div>\n<\/div>\n","protected":false},"excerpt":{"rendered":"<p>Inscri\u00e7\u00e3o no Ano Letivo 2026\/27 No ano letivo de 2026\/27, a nossa escola est\u00e1 a admitir alunos parao Kindergarten (K1 a K3), Prim\u00e1ria (P1 ao P6) e Secund\u00e1rio (S1 a S4) Inscri\u00e7\u00e3o no Ensino Infantil pela primeira vez Se \u00e9 a primeira vez que a crian\u00e7a ingressa no ensino infantil, a sua inscri\u00e7\u00e3o deve ser [&hellip;]<\/p>\n","protected":false},"author":1,"featured_media":0,"parent":0,"menu_order":0,"comment_status":"closed","ping_status":"closed","template":"","meta":{"_acf_changed":false,"footnotes":""},"class_list":["post-1104","page","type-page","status-publish","hentry"],"acf":{"banner":""},"_links":{"self":[{"href":"https:\/\/www.generations.edu.mo\/pt-pt\/wp-json\/wp\/v2\/pages\/1104"}],"collection":[{"href":"https:\/\/www.generations.edu.mo\/pt-pt\/wp-json\/wp\/v2\/pages"}],"about":[{"href":"https:\/\/www.generations.edu.mo\/pt-pt\/wp-json\/wp\/v2\/types\/page"}],"author":[{"embeddable":true,"href":"https:\/\/www.generations.edu.mo\/pt-pt\/wp-json\/wp\/v2\/users\/1"}],"replies":[{"embeddable":true,"href":"https:\/\/www.generations.edu.mo\/pt-pt\/wp-json\/wp\/v2\/comments?post=1104"}],"version-history":[{"count":32,"href":"https:\/\/www.generations.edu.mo\/pt-pt\/wp-json\/wp\/v2\/pages\/1104\/revisions"}],"predecessor-version":[{"id":6565,"href":"https:\/\/www.generations.edu.mo\/pt-pt\/wp-json\/wp\/v2\/pages\/1104\/revisions\/6565"}],"wp:attachment":[{"href":"https:\/\/www.generations.edu.mo\/pt-pt\/wp-json\/wp\/v2\/media?parent=1104"}],"curies":[{"name":"wp","href":"https:\/\/api.w.org\/{rel}","templated":true}]}}