{"id":1087,"date":"2023-06-15T18:42:22","date_gmt":"2023-06-15T10:42:22","guid":{"rendered":"https:\/\/www.generations.edu.mo\/transportation\/"},"modified":"2024-08-19T14:50:34","modified_gmt":"2024-08-19T06:50:34","slug":"transportation","status":"publish","type":"page","link":"https:\/\/www.generations.edu.mo\/pt-pt\/transportation\/","title":{"rendered":"Transporte"},"content":{"rendered":"\n<div class=\"wp-block-group is-nowrap is-layout-flex wp-container-core-group-is-layout-4 wp-block-group-is-layout-flex\">\n<figure class=\"wp-block-image size-full\"><img loading=\"lazy\" decoding=\"async\" width=\"1066\" height=\"800\" src=\"https:\/\/generations-edu-mo.ap-south-1.linodeobjects.com\/wp-content\/uploads\/2023\/12\/295f7f93_1701957491.jpg\" alt=\"\" class=\"wp-image-742\" srcset=\"https:\/\/generations-edu-mo.ap-south-1.linodeobjects.com\/wp-content\/uploads\/2023\/12\/295f7f93_1701957491.jpg 1066w, https:\/\/generations-edu-mo.ap-south-1.linodeobjects.com\/wp-content\/uploads\/2023\/12\/295f7f93_1701957491-768x576.jpg 768w\" sizes=\"(max-width: 1066px) 100vw, 1066px\" \/><\/figure>\n\n\n\n<div class=\"wp-block-group is-vertical is-layout-flex wp-container-core-group-is-layout-3 wp-block-group-is-layout-flex\">\n<div class=\"wp-block-group is-layout-constrained wp-block-group-is-layout-constrained\">\n<p>O nosso servi\u00e7o de transporte escolar \u00e9 desenhado para garantir que o seu filho chega \u00e0 escola e regressa a casa de forma confort\u00e1vel e segura. A nossa frota de autocarros bem conservados, \u00e9 conduzida por condutores experientes e licenciados que d\u00e3o prioridade \u00e0 seguran\u00e7a e ao bem-estar dos nossos alunos. Cumprimos hor\u00e1rios rigorosos, assegurando que os alunos chegam \u00e0 escola prontamente, reduzindo quaisquer esperas ou atrasos desnecess\u00e1rios.<\/p>\n\n\n\n<p>Com o nosso servi\u00e7o de transporte escolar, pode ter a certeza de que a desloca\u00e7\u00e3o do seu filho est\u00e1 assegurada. Os nossos percursos s\u00e3o estrategicamente planeados para servir todos os alunos que residem em diferentes bairros.<\/p>\n<\/div>\n\n\n\n<p>Para pedidos ou informa\u00e7\u00f5es sobre o servi\u00e7o de transporte escolar, ligue-nos ou envie um email para <a href=\"mailto:ops@generations.edu.mo\">ops@generations.edu.mo<\/a>.<\/p>\n\n\n\n<p><\/p>\n\n\n\n<div class=\"wp-block-group is-layout-constrained wp-block-group-is-layout-constrained\"><\/div>\n<\/div>\n<\/div>\n","protected":false},"excerpt":{"rendered":"<p>O nosso servi\u00e7o de transporte escolar \u00e9 desenhado para garantir que o seu filho chega \u00e0 escola e regressa a casa de forma confort\u00e1vel e segura. A nossa frota de autocarros bem conservados, \u00e9 conduzida por condutores experientes e licenciados que d\u00e3o prioridade \u00e0 seguran\u00e7a e ao bem-estar dos nossos alunos. Cumprimos hor\u00e1rios rigorosos, assegurando [&hellip;]<\/p>\n","protected":false},"author":1,"featured_media":0,"parent":0,"menu_order":0,"comment_status":"closed","ping_status":"closed","template":"","meta":{"_acf_changed":false,"footnotes":""},"class_list":["post-1087","page","type-page","status-publish","hentry"],"acf":{"banner":""},"_links":{"self":[{"href":"https:\/\/www.generations.edu.mo\/pt-pt\/wp-json\/wp\/v2\/pages\/1087"}],"collection":[{"href":"https:\/\/www.generations.edu.mo\/pt-pt\/wp-json\/wp\/v2\/pages"}],"about":[{"href":"https:\/\/www.generations.edu.mo\/pt-pt\/wp-json\/wp\/v2\/types\/page"}],"author":[{"embeddable":true,"href":"https:\/\/www.generations.edu.mo\/pt-pt\/wp-json\/wp\/v2\/users\/1"}],"replies":[{"embeddable":true,"href":"https:\/\/www.generations.edu.mo\/pt-pt\/wp-json\/wp\/v2\/comments?post=1087"}],"version-history":[{"count":3,"href":"https:\/\/www.generations.edu.mo\/pt-pt\/wp-json\/wp\/v2\/pages\/1087\/revisions"}],"predecessor-version":[{"id":1279,"href":"https:\/\/www.generations.edu.mo\/pt-pt\/wp-json\/wp\/v2\/pages\/1087\/revisions\/1279"}],"wp:attachment":[{"href":"https:\/\/www.generations.edu.mo\/pt-pt\/wp-json\/wp\/v2\/media?parent=1087"}],"curies":[{"name":"wp","href":"https:\/\/api.w.org\/{rel}","templated":true}]}}