{"id":1020,"date":"2023-06-15T18:41:16","date_gmt":"2023-06-15T10:41:16","guid":{"rendered":"https:\/\/www.generations.edu.mo\/cultural-events-and-activities\/"},"modified":"2024-08-19T12:29:16","modified_gmt":"2024-08-19T04:29:16","slug":"cultural-events-and-activities","status":"publish","type":"page","link":"https:\/\/www.generations.edu.mo\/pt-pt\/cultural-events-and-activities\/","title":{"rendered":"Atividades e Eventos Culturais"},"content":{"rendered":"\n<div class=\"wp-block-group is-nowrap is-layout-flex wp-container-core-group-is-layout-3 wp-block-group-is-layout-flex\">\n<figure class=\"wp-block-image size-full\"><img decoding=\"async\" src=\"https:\/\/generations-edu-mo.ap-south-1.linodeobjects.com\/wp-content\/uploads\/2024\/08\/72e02920_1722934093.jpg\" alt=\"\" class=\"wp-image-652\"\/><\/figure>\n\n\n\n<div class=\"wp-block-group is-vertical is-layout-flex wp-container-core-group-is-layout-2 wp-block-group-is-layout-flex\">\n<div class=\"wp-block-group is-layout-constrained wp-block-group-is-layout-constrained\">\n<p>A GERA\u00c7\u00d5ES celebra a diversidade dos seus alunos, das suas fam\u00edlias e dos seus funcion\u00e1rios, ao mesmo tempo que se orgulha muito do patrim\u00f3nio Macaense da Escola. Assim, o calend\u00e1rio de eventos incluir\u00e1 uma vasta gama de festividades, desde a cultura Macaense, diversas festividades Chinesas, \u00e0 celebra\u00e7\u00e3o Finlandesa da festa de Ver\u00e3o, aos Santos Populares Portugueses, entre outras celebra\u00e7\u00f5es. Isso traduz-se em espect\u00e1culos de alunos e professores, bazares, eventos esportivos, exposi\u00e7\u00f5es e muito mais.<\/p>\n<\/div>\n<\/div>\n<\/div>\n","protected":false},"excerpt":{"rendered":"<p>A GERA\u00c7\u00d5ES celebra a diversidade dos seus alunos, das suas fam\u00edlias e dos seus funcion\u00e1rios, ao mesmo tempo que se orgulha muito do patrim\u00f3nio Macaense da Escola. Assim, o calend\u00e1rio de eventos incluir\u00e1 uma vasta gama de festividades, desde a cultura Macaense, diversas festividades Chinesas, \u00e0 celebra\u00e7\u00e3o Finlandesa da festa de Ver\u00e3o, aos Santos Populares [&hellip;]<\/p>\n","protected":false},"author":1,"featured_media":0,"parent":0,"menu_order":0,"comment_status":"closed","ping_status":"closed","template":"","meta":{"_acf_changed":false,"footnotes":""},"class_list":["post-1020","page","type-page","status-publish","hentry"],"acf":{"banner":""},"_links":{"self":[{"href":"https:\/\/www.generations.edu.mo\/pt-pt\/wp-json\/wp\/v2\/pages\/1020"}],"collection":[{"href":"https:\/\/www.generations.edu.mo\/pt-pt\/wp-json\/wp\/v2\/pages"}],"about":[{"href":"https:\/\/www.generations.edu.mo\/pt-pt\/wp-json\/wp\/v2\/types\/page"}],"author":[{"embeddable":true,"href":"https:\/\/www.generations.edu.mo\/pt-pt\/wp-json\/wp\/v2\/users\/1"}],"replies":[{"embeddable":true,"href":"https:\/\/www.generations.edu.mo\/pt-pt\/wp-json\/wp\/v2\/comments?post=1020"}],"version-history":[{"count":4,"href":"https:\/\/www.generations.edu.mo\/pt-pt\/wp-json\/wp\/v2\/pages\/1020\/revisions"}],"predecessor-version":[{"id":2444,"href":"https:\/\/www.generations.edu.mo\/pt-pt\/wp-json\/wp\/v2\/pages\/1020\/revisions\/2444"}],"wp:attachment":[{"href":"https:\/\/www.generations.edu.mo\/pt-pt\/wp-json\/wp\/v2\/media?parent=1020"}],"curies":[{"name":"wp","href":"https:\/\/api.w.org\/{rel}","templated":true}]}}